{"id":264,"date":"2025-08-12T14:03:17","date_gmt":"2025-08-12T14:03:17","guid":{"rendered":"http:\/\/randomscream.be\/?page_id=264"},"modified":"2025-09-05T17:29:48","modified_gmt":"2025-09-05T17:29:48","slug":"meg-stuart-documentary","status":"publish","type":"page","link":"http:\/\/randomscream.be\/?page_id=264","title":{"rendered":"Meg Stuart Documentary"},"content":{"rendered":"\n<p>An intimate, visually arresting portrait of pioneering choreographer Meg Stuart, tracing her radical dance practice across continents, generations, and disciplines.\u00a0<\/p>\n\n\n\n<p>Synopsis:<br>This feature documentary explores the creative force of Meg Stuart, a trailblazer in contemporary dance whose work has defied boundaries for over three decades. Through observational footage of rehearsals and performances, rare archival materials, and in\u2010depth interviews with Stuart and her collaborators, the film captures her process, philosophy, and influence. Shot across Berlin, Lisbon, Gent, Bergen, Brussels, and Paris, it reveals the embodied intelligence and emotional charge of her choreography.&nbsp;<\/p>\n\n\n\n<p>Artistic Approach:<br>The film combines cin\u00e9ma v\u00e9rit\u00e9 observation with expressive cinematography and textured archival elements. It reflects the fragmented, improvisational ethos of Stuart\u2019s work, incorporating layered sound design and nonlinear editing to immerse viewers in her choreographic world. It will follow Meg through two creations while incorporating interviews from those on the scene when she emerged in the 90\u201ds to how she influenced the current choreographers and artist of today.<\/p>\n\n\n\n<p>Is a three year developing project that will result in a film for 2027 of the life and work of Meg Stuart.<\/p>\n","protected":false},"excerpt":{"rendered":"<p>An intimate, visually arresting portrait of pioneering choreographer Meg Stuart, tracing her radical dance practice across continents, generations, and disciplines.\u00a0 Synopsis:This feature documentary explores the creative force of Meg Stuart, a trailblazer in contemporary dance whose work has defied boundaries for over three decades. Through observational footage of rehearsals and performances, rare archival materials, and [&hellip;]<\/p>\n","protected":false},"author":2,"featured_media":0,"parent":0,"menu_order":0,"comment_status":"closed","ping_status":"closed","template":"","meta":{"footnotes":""},"class_list":["post-264","page","type-page","status-publish","hentry"],"_links":{"self":[{"href":"http:\/\/randomscream.be\/index.php?rest_route=\/wp\/v2\/pages\/264","targetHints":{"allow":["GET"]}}],"collection":[{"href":"http:\/\/randomscream.be\/index.php?rest_route=\/wp\/v2\/pages"}],"about":[{"href":"http:\/\/randomscream.be\/index.php?rest_route=\/wp\/v2\/types\/page"}],"author":[{"embeddable":true,"href":"http:\/\/randomscream.be\/index.php?rest_route=\/wp\/v2\/users\/2"}],"replies":[{"embeddable":true,"href":"http:\/\/randomscream.be\/index.php?rest_route=%2Fwp%2Fv2%2Fcomments&post=264"}],"version-history":[{"count":4,"href":"http:\/\/randomscream.be\/index.php?rest_route=\/wp\/v2\/pages\/264\/revisions"}],"predecessor-version":[{"id":386,"href":"http:\/\/randomscream.be\/index.php?rest_route=\/wp\/v2\/pages\/264\/revisions\/386"}],"wp:attachment":[{"href":"http:\/\/randomscream.be\/index.php?rest_route=%2Fwp%2Fv2%2Fmedia&parent=264"}],"curies":[{"name":"wp","href":"https:\/\/api.w.org\/{rel}","templated":true}]}}